{"id":7083,"date":"2024-11-20T16:05:30","date_gmt":"2024-11-20T15:05:30","guid":{"rendered":"https:\/\/www.izkf.med.fau.de\/?page_id=7083"},"modified":"2024-11-20T16:05:30","modified_gmt":"2024-11-20T15:05:30","slug":"download-center","status":"publish","type":"page","link":"https:\/\/www.izkf.med.fau.de\/en\/download-center\/","title":{"rendered":"Download-Center"},"content":{"rendered":"<h3>Here you can download all important documents and forms.<\/h3>\n<div class=\"rrze-elements accordion style_default\" id=\"accordion-0\">\n<div class=\"accordion-group\">\n<h2 class=\"accordion-heading\"><button class=\"accordion-toggle\" data-toggle=\"collapse\"  href=\"#collapse_0\" aria-expanded=\"false\" aria-controls=\"collapse_0\" id=\"collapse_button_0\"> Anschubfinanzierung (ELAN) <\/button><\/h2>\n<div id=\"collapse_0\" class=\"accordion-body\" aria-labelledby=\"collapse_button_0\">\n<div class=\"accordion-inner clearfix\">\n<p><a href=\"\/files\/2023\/01\/Abschlussbericht_23082022.docx\">Abschlussbericht ELAN<\/a><br\/><a href=\"\/files\/2023\/12\/KV_Fe_IZKF_ELAN_project_proposal_VS-1.0_24.08.2023.docx\">Antragsvorlage ELAN Projekt<\/a><br\/><a href=\"\/files\/2024\/01\/KV_Fe_IZKF_Antragsvorlage_ELAN_synergy-projects_VS-1.0_19.06.2023.docx\">Antragsvorlage Synergy Projects<\/a><br\/><a href=\"\/files\/2026\/03\/KV_Fe_IZKF_ELAN-Befuerwortung_VS1.2_19.03.2026.docx\">Best\u00e4tigung \u00fcber Unterst\u00fctzung des ELAN-Antrags<\/a><br\/><a href=\"\/files\/2026\/03\/KV_Fe_ALL_Mitteilungsverordnung.pdf\">Mitteilungsverordnung<\/a><br\/><a href=\"\/files\/2026\/03\/KV_Fe_IZKF_Publikationsliste_ELAN_VS-1.1_23.03.2026.docx\">Publikationsliste ELAN<\/a><br\/><a href=\"\/files\/2023\/12\/KV_Fe_IZKF_Research_profile_ELAN_VS-1.0_24.08.2023.docx\">Research profile ELAN<\/a><br\/><a href=\"\/files\/2024\/09\/KV_Fe_IZKF_Research_profile_Synergy_VS-2.1_16.09.2024.docx\">Research Profile Synergy<\/a><br\/><a href=\"\/files\/2025\/12\/Richtlinien-ELAN_Programm-Fassung_021225.pdf\">Richtlinien ELAN Programm<\/a><br\/><a href=\"\/files\/2026\/04\/KV_Fe_IZKF_Vorlage_Kalkulation_Synergy_VS-3.0_10.03.26.xlsx\">Template calculation synergy<\/a><\/p>\n<\/div>\n<\/div>\n<\/div>\n<div class=\"accordion-group\">\n<h2 class=\"accordion-heading\"><button class=\"accordion-toggle\" data-toggle=\"collapse\"  href=\"#collapse_1\" aria-expanded=\"false\" aria-controls=\"collapse_1\" id=\"collapse_button_1\"> Berichtswesen\/Berichtsversand UKER <\/button><\/h2>\n<div id=\"collapse_1\" class=\"accordion-body\" aria-labelledby=\"collapse_button_1\">\n<div class=\"accordion-inner clearfix\">\n<a href=\"https:\/\/www.izkf.med.fau.de\/files\/2020\/10\/kv_fe_all_hinweise_erlaeuterungen-berichtswesen_vs-3-0_29_09_2020.pdf\">Hinweise und Erl\u00e4uterungen zum Berichtsversand<\/a><\/p>\n<\/div>\n<\/div>\n<\/div>\n<div class=\"accordion-group\">\n<h2 class=\"accordion-heading\"><button class=\"accordion-toggle\" data-toggle=\"collapse\"  href=\"#collapse_2\" aria-expanded=\"false\" aria-controls=\"collapse_2\" id=\"collapse_button_2\"> Berichtsvorlagen <\/button><\/h2>\n<div id=\"collapse_2\" class=\"accordion-body\" aria-labelledby=\"collapse_button_2\">\n<div class=\"accordion-inner clearfix\">\n<a href=\"\/files\/2025\/01\/KV_Fe_IZKF_Final-Report_AP_JP_JKFP_VS-2.0_03.01.2025.docx\">IZKF final Report (Advanced and Junior Projects, Jochen-Kalden-Funding Programme)<\/a><br\/><a href=\"\/files\/2024\/12\/KV_Fe_IZKF_Final-Report_ELAN_VS-2.0_20.12.2024.docx\">IZKF final Report (ELAN)<\/a><\/p>\n<\/div>\n<\/div>\n<\/div>\n<div class=\"accordion-group\">\n<h2 class=\"accordion-heading\"><button class=\"accordion-toggle\" data-toggle=\"collapse\"  href=\"#collapse_3\" aria-expanded=\"false\" aria-controls=\"collapse_3\" id=\"collapse_button_3\"> Br\u00fcckenprojekte <\/button><\/h2>\n<div id=\"collapse_3\" class=\"accordion-body\" aria-labelledby=\"collapse_button_3\">\n<div class=\"accordion-inner clearfix\">\n<a href=\"\/files\/2019\/01\/Best%C3%A4tigung-Einrichtungsleiter_bridging-projects.docx\">Best\u00e4tigung Einrichtungsleiter_bridging projects<\/a><br\/><a href=\"\/files\/2019\/01\/Proposal-bridging-project.docx\">Proposal bridging project<\/a><br\/><a href=\"\/files\/2019\/01\/Research_profile_bridging_project.docx\">Research_profile_bridging_project<\/a><\/p>\n<\/div>\n<\/div>\n<\/div>\n<div class=\"accordion-group\">\n<h2 class=\"accordion-heading\"><button class=\"accordion-toggle\" data-toggle=\"collapse\"  href=\"#collapse_4\" aria-expanded=\"false\" aria-controls=\"collapse_4\" id=\"collapse_button_4\"> Clinician Scientist Programm <\/button><\/h2>\n<div id=\"collapse_4\" class=\"accordion-body\" aria-labelledby=\"collapse_button_4\">\n<div class=\"accordion-inner clearfix\">\n<a href=\"\/files\/2023\/07\/KV_Fe_IZKF_Protokoll_Mentoringkommission_CSP_VS-1.0_03.07.2023.docx\">Protokoll Mentoringkommission CSP<\/a><br\/><a href=\"\/files\/2023\/07\/KV_Fe_IZKF_Research_profile_CSP_VS-1.0_04.07.2023.docx\">Research Profile CSP<\/a><br\/><a href=\"\/files\/2025\/07\/Richtlinien_IZKF-CSP_290425.pdf\">Richtlinien IZKF-Clinician Scientist Programm<\/a><br\/><a href=\"\/files\/2023\/07\/KV_Fe_IZKF_Unterstuetzungsschreiben_CSP_VS-2.0_04.07.2023_form.pdf\">Unterst\u00fctzungsschreiben<\/a><br\/><\/p>\n<\/div>\n<\/div>\n<\/div>\n<div class=\"accordion-group\">\n<h2 class=\"accordion-heading\"><button class=\"accordion-toggle\" data-toggle=\"collapse\"  href=\"#collapse_5\" aria-expanded=\"false\" aria-controls=\"collapse_5\" id=\"collapse_button_5\"> Erstantragstellerprogramm: Dokumente zur Antragstellung <\/button><\/h2>\n<div id=\"collapse_5\" class=\"accordion-body\" aria-labelledby=\"collapse_button_5\">\n<div class=\"accordion-inner clearfix\">\n<a href=\"\/files\/2024\/10\/KV_Fe_IZKF_Proposal-junior-project_VS-2.0_18.10.2024.docx\">1) Proposal Junior projects<\/a><br\/><a href=\"\/files\/2025\/07\/KV_Fe_IZKF_Research_profile_junior_project_VS-3.0_09.07.2025.docx\">2) Research Profile Junior Project_VS 3.0<\/a><br\/><a href=\"\/files\/2025\/12\/KV_Fe_IZKF_Bestaetigung-zum-IZKF-Antrag_VS-2.0_05.12.2025.docx\">3) Best\u00e4tigung zum IZKF-Antrag | Letter of support<\/a><br\/><a href=\"\/files\/2024\/10\/KV_Fe_IZKF_Overview-documents-junior-projects_en_VS-2.0_18.10.2024.pdf\">IZKF Overview documents junior projects<\/a><br\/><a href=\"\/files\/2024\/10\/KV_Fe_IZKF_Uebersicht_Unterlagen_Erstantragstellerprogramm_de_VS-2.0_18.10.2024.pdf\">\u00dcbersicht Unterlagen Erstantragstellerprogramm<\/a><\/p>\n<\/div>\n<\/div>\n<\/div>\n<div class=\"accordion-group\">\n<h2 class=\"accordion-heading\"><button class=\"accordion-toggle\" data-toggle=\"collapse\"  href=\"#collapse_6\" aria-expanded=\"false\" aria-controls=\"collapse_6\" id=\"collapse_button_6\"> Formulare f\u00fcr bewilligte Projekte <\/button><\/h2>\n<div id=\"collapse_6\" class=\"accordion-body\" aria-labelledby=\"collapse_button_6\">\n<div class=\"accordion-inner clearfix\">\n<p class=\"info\">Dowloads: Es konnten keine Dateien gefunden werden.<\/p>\n<\/div>\n<\/div>\n<\/div>\n<div class=\"accordion-group\">\n<h2 class=\"accordion-heading\"><button class=\"accordion-toggle\" data-toggle=\"collapse\"  href=\"#collapse_7\" aria-expanded=\"false\" aria-controls=\"collapse_7\" id=\"collapse_button_7\"> Grundlegende Regularien <\/button><\/h2>\n<div id=\"collapse_7\" class=\"accordion-body\" aria-labelledby=\"collapse_button_7\">\n<div class=\"accordion-inner clearfix\">\nDie Strukturen und Abl\u00e4ufe des IZKF sind in den Statuten, der Gesch\u00e4ftsordnung und der Beiratsordnung des IZKF niedergelegt.<br \/>\n<a href=\"\/files\/2017\/10\/Beiratsordnung.pdf\">Beiratsordnung<\/a><br\/><a href=\"\/files\/2025\/09\/IZKF_Statuten_240725.pdf\">IZKF Statuten<\/a><br\/><a href=\"\/files\/2025\/12\/IZKF_GO_Fassung_021225.pdf\">IZKF_GO_Fassung_021225<\/a><\/p>\n<\/div>\n<\/div>\n<\/div>\n<div class=\"accordion-group\">\n<h2 class=\"accordion-heading\"><button class=\"accordion-toggle\" data-toggle=\"collapse\"  href=\"#collapse_8\" aria-expanded=\"false\" aria-controls=\"collapse_8\" id=\"collapse_button_8\"> High Tech Pool <\/button><\/h2>\n<div id=\"collapse_8\" class=\"accordion-body\" aria-labelledby=\"collapse_button_8\">\n<div class=\"accordion-inner clearfix\">\n<a href=\"\/files\/2023\/06\/KV_Fe_IZKF_Proposal_High_Tech_Pool_VS-1.0_05.06.2023.docx\">Antrag High Tech Pool<\/a><\/p>\n<\/div>\n<\/div>\n<\/div>\n<p><\/p>\n<div class=\"accordion-group\">\n<h2 class=\"accordion-heading\"><button class=\"accordion-toggle\" data-toggle=\"collapse\"  href=\"#collapse_9\" aria-expanded=\"false\" aria-controls=\"collapse_9\" id=\"collapse_button_9\"> IZKF-Graduiertenkolleg <\/button><\/h2>\n<div id=\"collapse_9\" class=\"accordion-body\" aria-labelledby=\"collapse_button_9\">\n<div class=\"accordion-inner clearfix\">\n<p class=\"info\">Dowloads: Es konnten keine Dateien gefunden werden.<\/p>\n<\/div>\n<\/div>\n<\/div>\n<div class=\"accordion-group\">\n<h2 class=\"accordion-heading\"><button class=\"accordion-toggle\" data-toggle=\"collapse\"  href=\"#collapse_10\" aria-expanded=\"false\" aria-controls=\"collapse_10\" id=\"collapse_button_10\"> Medizindoktorandenprogramm <\/button><\/h2>\n<div id=\"collapse_10\" class=\"accordion-body\" aria-labelledby=\"collapse_button_10\">\n<div class=\"accordion-inner clearfix\">\n<a href=\"\/files\/2021\/09\/antrag-externe-drittmittel.pdf\">Antrag auf Bewilligung einer Reisekostenerstattung f\u00fcr \"externe Personen\"<\/a><br\/><a href=\"\/files\/2019\/12\/KV_Fe_IZKF_Studienbuch_Best%C3%A4tigung-Vollzeitforschungst%C3%A4tigkeit_geleistet_V1_15042019.pdf\">Formular Best\u00e4tigung geleistete Vollzeitforschungst\u00e4tigkeit<\/a><br\/><a href=\"\/files\/2021\/09\/kurzbericht_nur-izkf-md_v1_24032020.pdf\">Kurzbericht zum Abschluss des Stipendiums (MD)<\/a><br\/><a href=\"\/files\/2023\/06\/KV_Fe_Vorlage_Antrag_Doktorandenprogramm_V6_24102022.docx\">KV_Fe_Vorlage_Antrag_Doktorandenprogramm_V6_24102022<\/a><br\/><a href=\"\/files\/2024\/05\/Richtlinien_IZKF-Medizindoktorandenprogramm_30.04.2024.pdf\">Richtlinien IZKF-Medizindoktorandenprogramm<\/a><\/p>\n<\/div>\n<\/div>\n<\/div>\n<div class=\"accordion-group\">\n<h2 class=\"accordion-heading\"><button class=\"accordion-toggle\" data-toggle=\"collapse\"  href=\"#collapse_11\" aria-expanded=\"false\" aria-controls=\"collapse_11\" id=\"collapse_button_11\"> Mitgliederversammlung: Pr\u00e4sentation <\/button><\/h2>\n<div id=\"collapse_11\" class=\"accordion-body\" aria-labelledby=\"collapse_button_11\">\n<div class=\"accordion-inner clearfix\">\n<span class=\"read\">Die <a href=\"https:\/\/mitarbeiterportal.intranet.uk-erlangen.de\/pages\/viewpage.action?pageId=47454628\">Pr\u00e4sentationen<\/a> stehen im Mitarbeiterportal des Universit\u00e4tsklinikums Erlangen zur Verf\u00fcgung. Sollten Sie keinen Zugang zum Mitarbeiterportal haben, wenden Sie sich bitte an die Gesch\u00e4ftsstelle.<\/span>\n<\/div>\n<\/div>\n<\/div>\n<div class=\"accordion-group\">\n<h2 class=\"accordion-heading\"><button class=\"accordion-toggle\" data-toggle=\"collapse\"  href=\"#collapse_12\" aria-expanded=\"false\" aria-controls=\"collapse_12\" id=\"collapse_button_12\"> Poster- und Pr\u00e4sentationsvorlage <\/button><\/h2>\n<div id=\"collapse_12\" class=\"accordion-body\" aria-labelledby=\"collapse_button_12\">\n<div class=\"accordion-inner clearfix\">\n<a href=\"\/files\/2022\/05\/praesentation_medfak_16zu9_izkf_11052022-1.pptx\">PowerPoint Pr\u00e4sentation IZKF\/MedFak (05.2022)<\/a><br\/><a href=\"\/files\/2022\/08\/UKER-FAU_Wissenschaftsposter_DIN_hochformat_deutsch_IZKF.pptx\">Vorlage Wissenschaftsposter UKER\/FAU\/IZKF (deutsch)<\/a><br\/><a href=\"\/files\/2022\/08\/UKER-FAU_Wissenschaftsposter_DIN_hochformat_englisch_IZKF.pptx\">Vorlage Wissenschaftsposter UKER\/FAU\/IZKF (englisch)<\/a><\/p>\n<p><a href=\"https:\/\/www.verwaltung.zuv.fau.de\/kommunikation-marketing-und-corporate-identity\/vorlagen\/wissenschaftsposter\/#collapse_3\">Link zu Postervorlage MedFak<\/a>\n<\/div>\n<\/div>\n<\/div>\n<div class=\"accordion-group\">\n<h2 class=\"accordion-heading\"><button class=\"accordion-toggle\" data-toggle=\"collapse\"  href=\"#collapse_13\" aria-expanded=\"false\" aria-controls=\"collapse_13\" id=\"collapse_button_13\"> Projekte (Advanced Projects): Antragsunterlagen <\/button><\/h2>\n<div id=\"collapse_13\" class=\"accordion-body\" aria-labelledby=\"collapse_button_13\">\n<div class=\"accordion-inner clearfix\">\n<a href=\"\/files\/2024\/10\/KV_Fe_IZKF_Overview-documents-advanced-projects_VS-2.0_18.10.2024.pdf\">Overview documents advanced projects<\/a><br\/><a href=\"\/files\/2024\/10\/KV_Fe_IZKF_intern_project-outline_VS-2.0_18.10.2024.docx\">Proposal for an advance project (projekt outline)<\/a><br\/><a href=\"\/files\/2024\/10\/KV_Fe_IZKF_research_profile_advanced_projects_VS-3.0_18.10.2024.docx\">Research Profile advanced projects<\/a><br\/><a href=\"\/files\/2024\/10\/KV_Fe_IZKF_Uebersicht_Unterlagen_IZKF-Projekte_VS-2.0_18.10.2024.pdf\">\u00dcbersicht Unterlagen IZKF Projekte<\/a><\/p>\n<\/div>\n<\/div>\n<\/div>\n<div class=\"accordion-group\">\n<h2 class=\"accordion-heading\"><button class=\"accordion-toggle\" data-toggle=\"collapse\"  href=\"#collapse_14\" aria-expanded=\"false\" aria-controls=\"collapse_14\" id=\"collapse_button_14\"> Reisepool \/ Reisestipendien <\/button><\/h2>\n<div id=\"collapse_14\" class=\"accordion-body\" aria-labelledby=\"collapse_button_14\">\n<div class=\"accordion-inner clearfix\">\nDie Formulare f\u00fcr Ihren <a href=\"https:\/\/mitarbeiterportal.intranet.uk-erlangen.de\/pages\/viewpage.action?pageId=12049433&amp;preview=%2F12049433%2F17430421%2FKV_Pf-20-01_001+Dienstreiseantrag.pdf\">Dienstreiseantrag<\/a> finden Sie im Mitarbeiterportal.\n<\/div>\n<\/div>\n<\/div>\n<div class=\"accordion-group\">\n<h2 class=\"accordion-heading\"><button class=\"accordion-toggle\" data-toggle=\"collapse\"  href=\"#collapse_15\" aria-expanded=\"false\" aria-controls=\"collapse_15\" id=\"collapse_button_15\"> Rotationsprogramm <\/button><\/h2>\n<div id=\"collapse_15\" class=\"accordion-body\" aria-labelledby=\"collapse_button_15\">\n<div class=\"accordion-inner clearfix\">\n<a href=\"\/files\/2024\/05\/KV_Fe_IZKF_Proposal_Laboratory_Rotations_VS-2.0_16.05.2024.docx\">Proposal IZKF Laboratory Rotations (v2)<\/a><br\/><a href=\"\/files\/2024\/07\/KV_Fe_IZKF_Research-Profile_Rotationsprogramm_VS-2.0_19.07.2024.docx\">Research Profile Rotationsprogramm<\/a><br\/><a href=\"\/files\/2023\/11\/KV_Fe_IZKF_Vorlage_Rotationsbericht_VS-1.0_03.07.2023.doc\">Vorlage Laboratory rotation report<\/a><\/p>\n<\/div>\n<\/div>\n<\/div>\n<div class=\"accordion-group\">\n<h2 class=\"accordion-heading\"><button class=\"accordion-toggle\" data-toggle=\"collapse\"  href=\"#collapse_16\" aria-expanded=\"false\" aria-controls=\"collapse_16\" id=\"collapse_button_16\"> Ver\u00f6ffentlichungen <\/button><\/h2>\n<div id=\"collapse_16\" class=\"accordion-body\" aria-labelledby=\"collapse_button_16\">\n<div class=\"accordion-inner clearfix\">\n<a href=\"\/files\/2023\/01\/Newsletter_01_2023.pdf\">2023 Newsletter (04)<\/a><br\/><a href=\"\/files\/2017\/10\/duzSpecial_IZKF_M07_2016.pdf\">duz SPECIAL: Br\u00fcckenschlag zwischen Labor und Klinik<\/a><br\/><a href=\"\/files\/2017\/10\/5_IZKF_2016_FINAL.pdf\">IZKF Imagebrosch\u00fcre: Impulsgeber f\u00fcr die Universit\u00e4tsmedizin<\/a><br\/><a href=\"\/files\/2017\/12\/IZKF_JB13_web_28042014.pdf\">IZKF-Jahresbericht 2013<\/a><br\/><a href=\"\/files\/2017\/12\/IZKF_JB14_Homepage_20042015.pdf\">IZKF-Jahresbericht 2014<\/a><br\/><a href=\"\/files\/2017\/12\/IZKF_Jahresbericht_2015_red.pdf\">IZKF-Jahresbericht 2015<\/a><br\/><a href=\"\/files\/2017\/12\/IZKF_JB16_web_110517.pdf\">IZKF-Jahresbericht 2016<\/a><br\/><a href=\"\/files\/2018\/05\/IZKF_Jahresbericht-2017_30052018_red.pdf\">IZKF-Jahresbericht 2017<\/a><br\/><a href=\"\/files\/2019\/08\/IZKF_JB18.pdf\">IZKF-Jahresbericht 2018<\/a><br\/><a href=\"\/files\/2020\/05\/izkf-annual-report_2019_ges_22052020.pdf\">IZKF-Jahresbericht 2019<\/a><br\/><a href=\"\/files\/2020\/11\/newsletter-lifefau_doktoranden_betreuer_november-2020.pdf\">Newsletter Life@FAU November 2020<\/a><\/p>\n<\/div>\n<\/div>\n<\/div>\n<div class=\"accordion-group\">\n<h2 class=\"accordion-heading\"><button class=\"accordion-toggle\" data-toggle=\"collapse\"  href=\"#collapse_17\" aria-expanded=\"false\" aria-controls=\"collapse_17\" id=\"collapse_button_17\"> Visiting Professor Programme <\/button><\/h2>\n<div id=\"collapse_17\" class=\"accordion-body\" aria-labelledby=\"collapse_button_17\">\n<div class=\"accordion-inner clearfix\">\n<a href=\"\/files\/2023\/06\/KV_Fe_IZKF_Vortragsankuendigung_IZKF-VPP_VS-1.0_05.06.2023.docx\">IZKF-Visiting Professor Programme Vortragsankuendigung<\/a><\/p>\n<\/div>\n<\/div>\n<\/div>\n<\/div>\n\n<p>&nbsp;<\/p>\n<div class=\"rrze-elements notice notice-hinweis no-title\"><div><svg height=\"1em\" width=\"1em\" class=\"rrze-elements-icon\" style=\"font-size: 2em;\"  alt=\"Exclamation mark\" xmlns=\"http:\/\/www.w3.org\/2000\/svg\" viewBox=\"0 0 512 512\"><!--! Font Awesome Free 6.6.0 by @fontawesome - https:\/\/fontawesome.com License - https:\/\/fontawesome.com\/license\/free (Icons: CC BY 4.0, Fonts: SIL OFL 1.1, Code: MIT License) Copyright 2024 Fonticons, Inc. --><path fill=\"currentcolor\" d=\"M256 512A256 256 0 1 0 256 0a256 256 0 1 0 0 512zm0-384c13.3 0 24 10.7 24 24l0 112c0 13.3-10.7 24-24 24s-24-10.7-24-24l0-112c0-13.3 10.7-24 24-24zM224 352a32 32 0 1 1 64 0 32 32 0 1 1 -64 0z\"\/><\/svg><\/div><p><p>Hinweis: Bei der Nutzung des Internet Explorers kann es unter Umst\u00e4nden zu Problemen beim Download von Antragsvorlagen kommen. Bitte nutzen Sie in diesem Fall Mozilla Firefox<\/p>\n<\/p><\/div>\n<p>&nbsp;<\/p>\n","protected":false},"excerpt":{"rendered":"<p>Here you can download all important documents and forms. &nbsp; &nbsp;<\/p>\n","protected":false},"author":1355,"featured_media":0,"parent":0,"menu_order":0,"comment_status":"closed","ping_status":"closed","template":"","meta":{"_rrze_cache":"enabled","_access_permission":"","_rrze_multilang_single_locale":"en_GB","_rrze_multilang_single_source":"https:\/\/www.izkf.med.fau.de\/?page_id=953","footnotes":""},"page_category":[],"page_tag":[],"workflow_usergroup":[],"class_list":["post-7083","page","type-page","status-publish","hentry","en-GB"],"_links":{"self":[{"href":"https:\/\/www.izkf.med.fau.de\/wp-json\/wp\/v2\/pages\/7083","targetHints":{"allow":["GET"]}}],"collection":[{"href":"https:\/\/www.izkf.med.fau.de\/wp-json\/wp\/v2\/pages"}],"about":[{"href":"https:\/\/www.izkf.med.fau.de\/wp-json\/wp\/v2\/types\/page"}],"author":[{"embeddable":true,"href":"https:\/\/www.izkf.med.fau.de\/wp-json\/wp\/v2\/users\/1355"}],"replies":[{"embeddable":true,"href":"https:\/\/www.izkf.med.fau.de\/wp-json\/wp\/v2\/comments?post=7083"}],"version-history":[{"count":1,"href":"https:\/\/www.izkf.med.fau.de\/wp-json\/wp\/v2\/pages\/7083\/revisions"}],"predecessor-version":[{"id":71836,"href":"https:\/\/www.izkf.med.fau.de\/wp-json\/wp\/v2\/pages\/7083\/revisions\/71836"}],"wp:attachment":[{"href":"https:\/\/www.izkf.med.fau.de\/wp-json\/wp\/v2\/media?parent=7083"}],"wp:term":[{"taxonomy":"page_category","embeddable":true,"href":"https:\/\/www.izkf.med.fau.de\/wp-json\/wp\/v2\/page_category?post=7083"},{"taxonomy":"page_tag","embeddable":true,"href":"https:\/\/www.izkf.med.fau.de\/wp-json\/wp\/v2\/page_tag?post=7083"},{"taxonomy":"workflow_usergroup","embeddable":true,"href":"https:\/\/www.izkf.med.fau.de\/wp-json\/wp\/v2\/workflow_usergroup?post=7083"}],"curies":[{"name":"wp","href":"https:\/\/api.w.org\/{rel}","templated":true}]}}